{"id":135,"date":"2017-06-22T16:42:33","date_gmt":"2017-06-22T13:42:33","guid":{"rendered":"https:\/\/atlas-tour.de\/?page_id=135"},"modified":"2024-01-11T10:48:21","modified_gmt":"2024-01-11T08:48:21","slug":"tseny-na-oformlenie-vizy-v-rossiyu","status":"publish","type":"page","link":"https:\/\/atlas-tour.de\/de\/vizy_price\/tseny-na-oformlenie-vizy-v-rossiyu\/","title":{"rendered":"Visum &#8211; Russland &#8211; Preis"},"content":{"rendered":"<p><\/p>\n<h4><strong><span lang=\"DE\">Schnelle Bearbeitung extra abkl\u00e4ren !<\/span><\/strong><\/h4>\n<p style=\"color: #7b7b7b; font-size: 16px;\">Die angegebene Preise gelten f\u00fcr die Personen, welche deutschen Reisepass besitzen. Der Reisepass muss ab dem Ablaufdatum des Visums noch mindestens 6 Monate g\u00fcltig sein.<\/p>\n<p style=\"color: #7b7b7b; font-size: 16px;\">Zus\u00e4tzlich zu den angegebenen Preisen werden folgende Versandkosten berechnet:<\/p>\n<p style=\"color: #7b7b7b; font-size: 16px;\">\u00a0<strong>15\u20ac &#8211; Standardversand \/ 35\u20ac &#8211; Expressversand<\/strong><\/p>\n<p><img loading=\"lazy\" decoding=\"async\" class=\"aligncenter wp-image-542 \" src=\"https:\/\/atlas-tour.de\/wp-content\/uploads\/2017\/06\/swipe_right.gif\" alt=\"\" width=\"222\" height=\"94\" \/><\/p>\n<table class=\"MsoTableGrid alignleft\" style=\"border-collapse: collapse; margin-left: auto; margin-right: auto; width: 99.9275%; border-width: 1px; border-style: solid; height: 544px;\" border=\"1\" cellspacing=\"0\" cellpadding=\"0\" align=\"left\">\n<thead>\n<tr style=\"height: 96px;\">\n<th style=\"text-align: left; height: 96px; width: 47.4257%;\" valign=\"top\" width=\"369\">Land \/Art des Visum Aufenthalt<\/th>\n<th style=\"text-align: left; height: 96px; width: 26.9761%;\" valign=\"top\" width=\"208\">Preis*<\/p>\n<p><span style=\"font-size: 12px;\">Bearbeitung 2-3 Wochen<\/span><\/th>\n<th style=\"text-align: left; height: 96px; width: 25.5257%;\" valign=\"top\" width=\"198\">Preis*<\/p>\n<p><span style=\"font-size: 12px;\">Bearbeitung 1-1,5 Woche<\/span><\/th>\n<\/tr>\n<\/thead>\n<tbody>\n<tr style=\"height: 64px;\">\n<td style=\"text-align: left; vertical-align: middle; height: 64px; width: 99.9275%;\" colspan=\"3\" valign=\"top\" width=\"369\">\n<h5>Russland<\/h5>\n<\/td>\n<\/tr>\n<tr style=\"height: 24px;\">\n<td style=\"text-align: left; vertical-align: middle; height: 24px; width: 47.4257%;\" valign=\"top\" width=\"369\"><span lang=\"DE\">Russland (Touristik 30 Tage) 1-\/2-Einreise<\/span><\/p>\n<p>Russland (Privat bis 90 Tage, <span lang=\"DE\">1-\/2-Einreise<\/span>) mit eigener Einladung<\/td>\n<td style=\"text-align: left; vertical-align: middle; height: 24px; width: 26.9761%;\" valign=\"top\" width=\"208\"><strong><span lang=\"DE\">230\u20ac \/ 275\u20ac<br \/>\n<\/span><\/strong><\/td>\n<td style=\"text-align: left; vertical-align: middle; height: 24px; width: 25.5257%;\" valign=\"top\" width=\"198\"><strong><span lang=\"DE\">375\u20ac \/ 499\u20ac<\/span><span lang=\"DE\">\u00a0 <\/span><\/strong><\/td>\n<\/tr>\n<tr style=\"height: 24px;\">\n<td style=\"text-align: left; vertical-align: middle; height: 24px; width: 47.4257%;\" valign=\"top\" width=\"369\"><span lang=\"DE\">Russland (Touristik 90 Tage) 1-\/2-Einreise<\/span><\/td>\n<td style=\"text-align: left; vertical-align: middle; height: 24px; width: 26.9761%;\" valign=\"top\" width=\"208\"><strong><span lang=\"DE\">245\u20ac \/ 295\u20ac<br \/>\n<\/span><\/strong><\/td>\n<td style=\"text-align: left; vertical-align: middle; height: 24px; width: 25.5257%;\" valign=\"top\" width=\"198\"><strong><span lang=\"DE\">425\u20ac \/ 520\u20ac\u00a0 <\/span><\/strong><\/td>\n<\/tr>\n<tr style=\"height: 24px;\">\n<td style=\"text-align: left; vertical-align: middle; height: 24px; width: 47.4257%;\" valign=\"top\" width=\"369\"><span lang=\"DE\">Russland (Touristik bis 180 Tage Multi)<br \/>\n<\/span><\/td>\n<td style=\"text-align: left; vertical-align: middle; height: 24px; width: 26.9761%;\" valign=\"top\" width=\"208\"><strong><span lang=\"DE\">425\u20ac<br \/>\n<\/span><\/strong><\/td>\n<td style=\"text-align: left; vertical-align: middle; height: 24px; width: 25.5257%;\" valign=\"top\" width=\"198\"><strong><span lang=\"DE\">\u00a0__<\/span><\/strong><\/td>\n<\/tr>\n<tr style=\"height: 24px;\">\n<td style=\"text-align: left; vertical-align: middle; height: 24px; width: 47.4257%;\" valign=\"top\" width=\"369\">Russland (Gesch\u00e4ft bis 1 Jahr, Multi) mit eigener Einladung<\/td>\n<td style=\"text-align: left; vertical-align: middle; height: 24px; width: 26.9761%;\" valign=\"top\" width=\"208\"><strong><span lang=\"DE\">(auf Anfrage)<br \/>\n<\/span><\/strong><\/td>\n<td style=\"text-align: left; vertical-align: middle; height: 24px; width: 25.5257%;\" valign=\"top\" width=\"198\"><strong><span lang=\"DE\">\u00a0__<br \/>\n<\/span><\/strong><\/td>\n<\/tr>\n<tr>\n<td style=\"width: 47.4257%;\" width=\"369\">Russland (Gesch\u00e4ft 1 bis 3 Jahre Multi) ohne eigene Einladung<\/td>\n<td style=\"width: 26.9761%;\" width=\"208\"><strong>(auf Anfrage)<\/strong><\/td>\n<td style=\"text-align: left; vertical-align: middle; height: 96px; width: 25.5257%;\" valign=\"top\" width=\"198\"><strong><span lang=\"DE\">\u00a0 <\/span><\/strong><strong>__<\/strong><\/td>\n<\/tr>\n<tr style=\"height: 96px;\">\n<td style=\"text-align: left; vertical-align: middle; height: 96px; width: 47.4257%;\" valign=\"top\" width=\"369\"><\/td>\n<td style=\"text-align: left; vertical-align: middle; height: 96px; width: 26.9761%;\" valign=\"top\" width=\"208\"><\/td>\n<td style=\"text-align: left; vertical-align: middle; height: 96px; width: 25.5257%;\" valign=\"top\" width=\"198\">\u00a0 __<\/td>\n<\/tr>\n<\/tbody>\n<\/table>\n<p>&nbsp;<\/p>\n<h2>Beantragung des Visum nach Russland:<\/h2>\n<ol class=\"styled\">\n<li>\n<p style=\"text-align: left;\"><span style=\"font-size: 20px;\"><strong>Formularen<\/strong>\u00a0<\/span>in Blockschrift oder mit Computer ausf\u00fcllen und pers\u00f6nlich unterschreiben:<\/p>\n<p style=\"text-align: left;\">Visumantrag\u00a0<a href=\"\/wp-content\/uploads\/2017\/06\/russland_visumantrag.pdf\" target=\"_blank\" rel=\"noopener\"><strong>Download<\/strong><\/a><\/p>\n<p style=\"text-align: left;\">Visumauftrag\u00a0<a href=\"\/wp-content\/uploads\/2017\/06\/visumauftrag.pdf\" target=\"_blank\" rel=\"noopener\"><strong>Download<\/strong><\/a><\/p>\n<p style=\"text-align: left;\">Auslandskrankenversicherung (Bescheinigung)<\/p>\n<p style=\"text-align: left;\">Auslandskrankenversicherung muss von Russland akzeptiert werden.<\/p>\n<p style=\"text-align: left;\">\u00a0Hier kann man die von Russland anerkannten<strong>\u00a0<\/strong><a href=\"\/wp-content\/uploads\/2017\/06\/de_versicherungen_russland_visum.pdf\" target=\"_blank\" rel=\"noopener\"><strong>Liste ansehen<\/strong><\/a>.<\/p>\n<p style=\"text-align: left;\"><strong><a href=\"https:\/\/secure.hmrv.de\/ola\/initBa.jsp?baid=62&amp;adnr=3181807&amp;locale=de_DE&amp;wt=POPUP\" target=\"_blank\" rel=\"noopener\">Auslandskrankenversicherung abschlie\u00dfen <\/a>\u00a0<\/strong>falls nicht vorhanden.<\/p>\n<\/li>\n<li style=\"text-align: left;\">\n<p style=\"text-align: left;\"><span style=\"font-size: 16px;\">Die <strong>Dokumente<\/strong> (siehe Punkt 1) und <strong>Unterlagen<\/strong> k\u00f6nnen Sie entweder uns per Post schicken oder pers\u00f6nlich bei uns in B\u00fcro bringen:<\/span><\/p>\n<p style=\"text-align: left;\"><strong>Passbild 3,5\u00d74,5 cm\u00a0(aktuell, farbig)<\/strong><\/p>\n<p><strong>Einkommensnachweis<\/strong><\/p>\n<p style=\"text-align: left;\"><strong>Einladung im Original (nur f\u00fcr Privat- und Gesch\u00e4ftsvisum mit eigener Einladung)<\/strong><\/p>\n<\/li>\n<li style=\"text-align: left;\">\n<p style=\"text-align: left; padding-top: 8px;\">Ausgef\u00fcllten Formulare (Punkt 1) und Unterlagen (Punkt 2) per Post senden oder in unser B\u00fcro mitbringen. Siehe unten \u201eWichtige Information\u201c.<\/p>\n<\/li>\n<li style=\"text-align: left;\">\n<p style=\"text-align: left; padding-top: 20px;\">Nach Eingang der Unterlagen, wird eine Rechnung erstellt.<\/p>\n<\/li>\n<li>Die Bearbeitung des Visumantrages wird erstmals nach vollst\u00e4ndiger Bezahlung durchgef\u00fchrt.<\/li>\n<\/ol>\n<h2>Wichtige Information:<\/h2>\n<ul>\n<li><strong>Reisepass<\/strong> soll mindestens <strong>6 Monate<\/strong> nach dem Ablauf des Visum g\u00fcltig sein und <strong>mindestens zwei<\/strong> <strong>freie<\/strong> Seiten beinhalten.<\/li>\n<li><strong>F\u00fcr Kinder<\/strong> sind alle <strong>obengenannte Formularen \/ Unterlagen<\/strong> erforderlich (au\u00dfer <strong>Einkommensnachweis<\/strong>).<\/li>\n<li>F\u00fcr die Beantragung eines <strong>Gesch\u00e4ftsvisum<\/strong> ist eine <strong>Best\u00e4tigung des Arbeitgebers<\/strong> \u00fcber das Besch\u00e4ftigungsverh\u00e4ltnis auf firmeneigenem Papier notwendig. F\u00fcr Unternehmer ist eine <strong>Gewerbeanmeldung<\/strong> ben\u00f6tigt.<\/li>\n<li>F\u00fcr die Beantragung <strong>mehrmaliges Gesch\u00e4ftsvisum (Miltivisum)<\/strong> ist ein vorheriges Gesch\u00e4ftsvisum erforderlich.<\/li>\n<li>Bei <strong>Bus-, Pkw-, oder Motorradreisen<\/strong> unbedingt <strong>Kennzeichen<\/strong>, <strong>Modell<\/strong> und <strong>Farbe<\/strong> des Fahrzeuges im Visumantrag angeben<\/li>\n<\/ul>\n<p><span style=\"color: #c4172f;\"><strong class=\"semibold\"><span class=\"tlid-translation translation\" lang=\"de\"><span class=\"\" title=\"\">Valeria-Reisen beh\u00e4lt sich das Recht vor, ohne eine vorherige Ank\u00fcndigung die \u00c4nderungen oder Erg\u00e4nzungen der bereitgestellten Informationen vorzunehmen.<\/span><br \/>\n<span class=\"\" title=\"\">Der Inhalt dieser Website ist urheberrechtlich gesch\u00fctzt.<\/span><\/span><\/strong><\/span><\/p>","protected":false},"excerpt":{"rendered":"<p>Schnelle Bearbeitung extra abkl\u00e4ren ! Die angegebene Preise gelten f\u00fcr die Personen, welche deutschen Reisepass besitzen. Der Reisepass muss ab dem Ablaufdatum des Visums noch mindestens 6 Monate g\u00fcltig sein. Zus\u00e4tzlich zu den angegebenen Preisen werden folgende Versandkosten berechnet: \u00a015\u20ac &#8211; Standardversand \/ 35\u20ac &#8211; Expressversand Land \/Art des Visum Aufenthalt Preis* Bearbeitung 2-3 Wochen [&hellip;]<\/p>\n","protected":false},"author":1,"featured_media":0,"parent":16,"menu_order":0,"comment_status":"closed","ping_status":"closed","template":"","meta":{"_acf_changed":false,"footnotes":""},"class_list":["post-135","page","type-page","status-publish","hentry"],"acf":[],"_links":{"self":[{"href":"https:\/\/atlas-tour.de\/de\/wp-json\/wp\/v2\/pages\/135","targetHints":{"allow":["GET"]}}],"collection":[{"href":"https:\/\/atlas-tour.de\/de\/wp-json\/wp\/v2\/pages"}],"about":[{"href":"https:\/\/atlas-tour.de\/de\/wp-json\/wp\/v2\/types\/page"}],"author":[{"embeddable":true,"href":"https:\/\/atlas-tour.de\/de\/wp-json\/wp\/v2\/users\/1"}],"replies":[{"embeddable":true,"href":"https:\/\/atlas-tour.de\/de\/wp-json\/wp\/v2\/comments?post=135"}],"version-history":[{"count":115,"href":"https:\/\/atlas-tour.de\/de\/wp-json\/wp\/v2\/pages\/135\/revisions"}],"predecessor-version":[{"id":1359,"href":"https:\/\/atlas-tour.de\/de\/wp-json\/wp\/v2\/pages\/135\/revisions\/1359"}],"up":[{"embeddable":true,"href":"https:\/\/atlas-tour.de\/de\/wp-json\/wp\/v2\/pages\/16"}],"wp:attachment":[{"href":"https:\/\/atlas-tour.de\/de\/wp-json\/wp\/v2\/media?parent=135"}],"curies":[{"name":"wp","href":"https:\/\/api.w.org\/{rel}","templated":true}]}}