{"id":16,"date":"2017-06-19T12:23:39","date_gmt":"2017-06-19T09:23:39","guid":{"rendered":"https:\/\/atlas-tour.de\/?page_id=16"},"modified":"2024-01-11T10:57:12","modified_gmt":"2024-01-11T08:57:12","slug":"vizy_price","status":"publish","type":"page","link":"https:\/\/atlas-tour.de\/de\/vizy_price\/","title":{"rendered":"VISUM PREISLISTE GUS"},"content":{"rendered":"<p><\/p>\n<h4><strong><span lang=\"DE\">Schnelle Bearbeitung extra abkl\u00e4ren !<\/span><\/strong><\/h4>\n<p style=\"color: #7b7b7b; font-size: 16px;\">Die angegebene Preise gelten f\u00fcr die Personen, welche deutschen Reisepass besitzen.<\/p>\n<p style=\"color: #7b7b7b; font-size: 16px;\">Zus\u00e4tzlich zu den angegebenen Preisen werden folgende Versandkosten berechnet:<\/p>\n<p style=\"color: #7b7b7b; font-size: 16px;\"><strong>15\u20ac &#8211; Standardversand \/ 35\u20ac &#8211; Expressversand<\/strong><\/p>\n<p><img loading=\"lazy\" decoding=\"async\" class=\"aligncenter wp-image-542 \" src=\"https:\/\/atlas-tour.de\/wp-content\/uploads\/2017\/06\/swipe_right.gif\" alt=\"\" width=\"222\" height=\"94\" \/><\/p>\n<table class=\"MsoTableGrid alignleft\" style=\"border-collapse: collapse; margin-left: auto; margin-right: auto; width: 99.8549%; border-width: 1px; border-style: solid; height: 1032px;\" border=\"1\" cellspacing=\"0\" cellpadding=\"0\" align=\"left\">\n<thead>\n<tr style=\"height: 96px;\">\n<th style=\"text-align: left; height: 96px; width: 47.4982%;\" valign=\"top\" width=\"369\">Land \/ Art des Visum Aufenthalt<\/th>\n<th style=\"text-align: left; height: 96px; width: 26.831%;\" valign=\"top\" width=\"208\">Preis*<\/p>\n<p><span style=\"font-size: 10pt;\">Bearbeitungsdauer 2-3 Wochen<\/span><\/th>\n<th style=\"text-align: left; height: 96px; width: 25.5257%;\" valign=\"top\" width=\"198\">Preis*<\/p>\n<p><span style=\"font-size: 10pt;\">Bearbeitungsdauer 1-1.5 Wochen<\/span><\/th>\n<\/tr>\n<tr style=\"height: 64px;\">\n<td style=\"text-align: left; vertical-align: middle; height: 64px; width: 99.8549%;\" colspan=\"3\" valign=\"top\" width=\"369\">\n<h5>Russland<\/h5>\n<\/td>\n<\/tr>\n<tr style=\"height: 96px;\">\n<td style=\"text-align: left; vertical-align: middle; height: 96px; width: 47.4982%;\" valign=\"top\" width=\"369\">Russland (Touristik 30 Tage) 1-\/2-Einreise<\/p>\n<p>Russland (Privat bis 90 Tage,\u00a0<span lang=\"DE\">1-\/2-Einreise<\/span>) mit eigener Einladung<\/td>\n<td style=\"text-align: left; vertical-align: middle; height: 96px; width: 26.831%;\" valign=\"top\" width=\"208\"><strong><span lang=\"DE\">230\u20ac \/ 275\u20ac<\/span><\/strong><\/td>\n<td style=\"text-align: left; vertical-align: middle; height: 96px; width: 25.5257%;\" valign=\"top\" width=\"198\"><strong><span lang=\"DE\">375\u20ac \/ 499\u20ac<\/span><\/strong><\/td>\n<\/tr>\n<tr style=\"height: 96px;\">\n<td style=\"text-align: left; vertical-align: middle; height: 96px; width: 47.4982%;\" valign=\"top\" width=\"369\">Russland (Touristik 90 Tage) 1-\/2-Einreise<\/td>\n<td style=\"text-align: left; vertical-align: middle; height: 96px; width: 26.831%;\" valign=\"top\" width=\"208\"><strong><span lang=\"DE\">245\u20ac\/295\u20ac<\/span><\/strong><\/td>\n<td style=\"text-align: left; vertical-align: middle; height: 96px; width: 25.5257%;\" valign=\"top\" width=\"198\"><strong><span lang=\"DE\">425\u20ac \/ 520\u20ac<\/span><\/strong><\/td>\n<\/tr>\n<tr style=\"height: 96px;\">\n<td style=\"text-align: left; vertical-align: middle; height: 96px; width: 47.4982%;\" valign=\"top\" width=\"369\">Russland (Touristik bis 180 Tage Multi)<\/td>\n<td style=\"text-align: left; vertical-align: middle; height: 96px; width: 26.831%;\" valign=\"top\" width=\"208\"><strong><span lang=\"DE\">425\u20ac<br \/>\n<\/span><\/strong><\/td>\n<td style=\"text-align: left; vertical-align: middle; height: 96px; width: 25.5257%;\" valign=\"top\" width=\"198\"><strong>\u00a0<span lang=\"DE\">__<\/span><br \/>\n<\/strong><\/td>\n<\/tr>\n<tr style=\"height: 24px;\">\n<td style=\"width: 47.4982%; height: 24px;\" width=\"369\">Russland (Gesch\u00e4ft bis 1 Jahr, Multi) ohne eigene Einladung<\/td>\n<td style=\"width: 26.831%; height: 24px;\" width=\"208\"><strong><strong>(auf Anfrage)<\/strong><\/strong><\/td>\n<td style=\"text-align: left; vertical-align: middle; height: 24px; width: 25.5257%;\" valign=\"top\" width=\"198\"><\/td>\n<\/tr>\n<tr style=\"height: 96px;\">\n<td style=\"width: 47.4982%; height: 96px;\" width=\"369\">Russland (Gesch\u00e4ft bis 2 Jahre, Multi) ohne eigene Einladung<\/td>\n<td style=\"width: 26.831%; height: 96px;\" width=\"208\"><strong>(auf Anfrage)<\/strong><\/td>\n<td style=\"text-align: left; vertical-align: middle; height: 96px; width: 25.5257%;\" valign=\"top\" width=\"198\"><strong><span lang=\"DE\">\u00a0 __<\/span><\/strong><\/td>\n<\/tr>\n<tr style=\"height: 48px;\">\n<td style=\"text-align: left; vertical-align: middle; height: 48px; width: 47.4982%;\" valign=\"top\" width=\"369\"><\/td>\n<td style=\"text-align: left; vertical-align: middle; height: 48px; width: 26.831%;\" valign=\"top\" width=\"208\"><\/td>\n<td style=\"text-align: left; vertical-align: middle; height: 48px; width: 25.5257%;\" valign=\"top\" width=\"198\"><\/td>\n<\/tr>\n<tr style=\"height: 64px;\">\n<td style=\"text-align: left; vertical-align: middle; height: 64px; width: 99.8549%;\" colspan=\"3\" valign=\"top\" width=\"369\">\n<h5>Wei\u00dfrussland<\/h5>\n<\/td>\n<\/tr>\n<tr style=\"height: 24px;\">\n<td style=\"text-align: left; vertical-align: middle; height: 24px; width: 47.4982%;\" valign=\"top\" width=\"369\">Wei\u00dfrussland (Touristik 30 Tage) 1-Einreise<\/td>\n<td style=\"text-align: left; vertical-align: middle; height: 24px; width: 26.831%;\" valign=\"top\" width=\"208\"><strong><span lang=\"DE\">125\u20ac<\/span><\/strong><\/td>\n<td style=\"text-align: left; vertical-align: middle; height: 24px; width: 25.5257%;\" valign=\"top\" width=\"198\"><strong><span lang=\"DE\">195\u20ac<\/span><\/strong><\/td>\n<\/tr>\n<tr style=\"height: 24px;\">\n<td style=\"text-align: left; vertical-align: middle; height: 24px; width: 47.4982%;\" valign=\"top\" width=\"369\"><span lang=\"DE\">Wei\u00dfrussland (Transit\u00a0<\/span><span lang=\"DE\">2 \/ 4 <\/span>Tage<span lang=\"DE\">)\u00a0 1-\/2-Einreise<\/span><\/td>\n<td style=\"text-align: left; vertical-align: middle; height: 24px; width: 26.831%;\" valign=\"top\" width=\"208\"><strong><span lang=\"DE\">125\u20ac<\/span><\/strong><\/td>\n<td style=\"text-align: left; vertical-align: middle; height: 24px; width: 25.5257%;\" valign=\"top\" width=\"198\"><strong><span lang=\"DE\">195<\/span><span lang=\"DE\">\u20ac<\/span><\/strong><\/td>\n<\/tr>\n<tr style=\"height: 24px;\">\n<td style=\"text-align: left; vertical-align: middle; height: 24px; width: 47.4982%;\" valign=\"top\" width=\"369\">Wei\u00dfrussland (Transit, Multi)<\/td>\n<td style=\"text-align: left; vertical-align: middle; height: 24px; width: 26.831%;\" valign=\"top\" width=\"208\"><strong><span lang=\"DE\">125\u20ac<\/span><\/strong><\/td>\n<td style=\"text-align: left; vertical-align: middle; height: 24px; width: 25.5257%;\" valign=\"top\" width=\"198\"><strong><span lang=\"DE\">195\u20ac<\/span><\/strong><\/td>\n<\/tr>\n<tr style=\"height: 24px;\">\n<td style=\"text-align: left; vertical-align: middle; height: 24px; width: 47.4982%;\" valign=\"top\" width=\"369\"><span lang=\"DE\">Wei\u00dfrussland (Kindervisum Alter bis 11 Jahren &#8211; Privat, Transit) <\/span><\/td>\n<td style=\"text-align: left; vertical-align: middle; height: 24px; width: 26.831%;\" valign=\"top\" width=\"208\"><strong><span lang=\"DE\">65\u20ac<\/span><\/strong><\/td>\n<td style=\"text-align: left; vertical-align: middle; height: 24px; width: 25.5257%;\" valign=\"top\" width=\"198\"><strong><span lang=\"DE\">95<\/span><span lang=\"DE\">\u20ac<\/span><\/strong><\/td>\n<\/tr>\n<tr style=\"height: 64px;\">\n<td style=\"text-align: left; vertical-align: middle; height: 64px; width: 99.8549%;\" colspan=\"3\" valign=\"top\" width=\"369\">\n<h5>Kasachstan<\/h5>\n<\/td>\n<\/tr>\n<tr style=\"height: 24px;\">\n<td style=\"text-align: left; vertical-align: middle; height: 24px; width: 47.4982%;\" valign=\"top\" width=\"369\">Kasachstan (Privat bis 90 Tage) 1-Einreise<\/td>\n<td style=\"text-align: left; vertical-align: middle; height: 24px; width: 26.831%;\" valign=\"top\" width=\"208\"><strong><span lang=\"DE\">140\u20ac<\/span><\/strong><\/td>\n<td style=\"text-align: left; vertical-align: middle; height: 24px; width: 25.5257%;\" valign=\"top\" width=\"198\"><strong><span lang=\"DE\">\u00a0__<\/span><\/strong><\/td>\n<\/tr>\n<tr style=\"height: 24px;\">\n<td style=\"text-align: left; vertical-align: middle; height: 24px; width: 47.4982%;\" valign=\"top\" width=\"369\"><span lang=\"DE\">Kasachstan (Kindervisum Alter bis 5 Jahre) 1-Einreise<br \/>\n<\/span><\/td>\n<td style=\"text-align: left; vertical-align: middle; height: 24px; width: 26.831%;\" valign=\"top\" width=\"208\"><strong><span lang=\"DE\">70\u20ac<\/span><\/strong><\/td>\n<td style=\"text-align: left; vertical-align: middle; height: 24px; width: 25.5257%;\" valign=\"top\" width=\"198\"><strong><span lang=\"DE\">\u00a0__<\/span><\/strong><\/td>\n<\/tr>\n<tr style=\"height: 24px;\">\n<td style=\"text-align: left; vertical-align: middle; height: 24px; width: 47.4982%;\" valign=\"top\" width=\"369\">Kasachstan (Privat bis 1 Jahr)<\/td>\n<td style=\"text-align: left; vertical-align: middle; height: 24px; width: 26.831%;\" valign=\"top\" width=\"208\"><strong><span lang=\"DE\">280\u20ac<\/span><\/strong><\/td>\n<td style=\"text-align: left; vertical-align: middle; height: 24px; width: 25.5257%;\" valign=\"top\" width=\"198\"><strong><span lang=\"DE\">\u00a0__<\/span><\/strong><\/td>\n<\/tr>\n<tr style=\"height: 24px;\">\n<td style=\"text-align: left; vertical-align: middle; height: 24px; width: 47.4982%;\" valign=\"top\" width=\"369\"><\/td>\n<td style=\"text-align: left; vertical-align: middle; height: 24px; width: 26.831%;\" valign=\"top\" width=\"208\"><\/td>\n<td style=\"text-align: left; vertical-align: middle; height: 24px; width: 25.5257%;\" valign=\"top\" width=\"198\"><\/td>\n<\/tr>\n<tr style=\"height: 96px;\">\n<td style=\"text-align: left; vertical-align: middle; height: 96px; width: 47.4982%;\" valign=\"top\" width=\"369\"><\/td>\n<td style=\"text-align: left; vertical-align: middle; height: 96px; width: 26.831%;\" valign=\"top\" width=\"208\"><\/td>\n<td style=\"width: 25.5257%; height: 96px;\"><\/td>\n<\/tr>\n<\/thead>\n<thead><\/thead>\n<\/table>\n<p>&nbsp;<\/p>","protected":false},"excerpt":{"rendered":"<p>Schnelle Bearbeitung extra abkl\u00e4ren ! Die angegebene Preise gelten f\u00fcr die Personen, welche deutschen Reisepass besitzen. Zus\u00e4tzlich zu den angegebenen Preisen werden folgende Versandkosten berechnet: 15\u20ac &#8211; Standardversand \/ 35\u20ac &#8211; Expressversand Land \/ Art des Visum Aufenthalt Preis* Bearbeitungsdauer 2-3 Wochen Preis* Bearbeitungsdauer 1-1.5 Wochen Russland Russland (Touristik 30 Tage) 1-\/2-Einreise Russland (Privat bis [&hellip;]<\/p>\n","protected":false},"author":1,"featured_media":0,"parent":0,"menu_order":0,"comment_status":"closed","ping_status":"closed","template":"","meta":{"_acf_changed":false,"footnotes":""},"class_list":["post-16","page","type-page","status-publish","hentry"],"acf":[],"_links":{"self":[{"href":"https:\/\/atlas-tour.de\/de\/wp-json\/wp\/v2\/pages\/16","targetHints":{"allow":["GET"]}}],"collection":[{"href":"https:\/\/atlas-tour.de\/de\/wp-json\/wp\/v2\/pages"}],"about":[{"href":"https:\/\/atlas-tour.de\/de\/wp-json\/wp\/v2\/types\/page"}],"author":[{"embeddable":true,"href":"https:\/\/atlas-tour.de\/de\/wp-json\/wp\/v2\/users\/1"}],"replies":[{"embeddable":true,"href":"https:\/\/atlas-tour.de\/de\/wp-json\/wp\/v2\/comments?post=16"}],"version-history":[{"count":150,"href":"https:\/\/atlas-tour.de\/de\/wp-json\/wp\/v2\/pages\/16\/revisions"}],"predecessor-version":[{"id":1364,"href":"https:\/\/atlas-tour.de\/de\/wp-json\/wp\/v2\/pages\/16\/revisions\/1364"}],"wp:attachment":[{"href":"https:\/\/atlas-tour.de\/de\/wp-json\/wp\/v2\/media?parent=16"}],"curies":[{"name":"wp","href":"https:\/\/api.w.org\/{rel}","templated":true}]}}