{"id":923,"date":"2022-11-20T14:54:49","date_gmt":"2022-11-20T12:54:49","guid":{"rendered":"https:\/\/atlas-tour.de\/datenschutzerklarung-eu\/"},"modified":"2023-03-21T00:15:17","modified_gmt":"2023-03-20T22:15:17","slug":"datenschutzerklarung-eu","status":"publish","type":"page","link":"https:\/\/atlas-tour.de\/ru\/datenschutzerklarung-eu\/","title":{"rendered":"Datenschutzerkl\u00e4rung (EU)"},"content":{"rendered":"\n<!-- Legal document generated by Complianz | GDPR\/CCPA Cookie Consent https:\/\/wordpress.org\/plugins\/complianz-gdpr -->\n<div id=\"cmplz-document\" class=\"cmplz-document privacy-statement cmplz-document-eu\"><p><i>This privacy statement was last updated on 11.03.2026 and applies to citizens and legal permanent residents of the European Economic Area and Switzerland.<\/i><br \/><br \/><\/p><p><p>In this privacy statement, we explain what we do with the data we obtain about you via <a href=\"https:\/\/atlas-tour.de\/ru\">https:\/\/atlas-tour.de\/ru<\/a>. We recommend you carefully read this statement. In our processing we comply with the requirements of privacy legislation. That means, among other things, that:<\/p><ul>\n                <li>we clearly state the purposes for which we process personal data. We do this by means of this privacy statement;<\/li>\n                <li>we aim to limit our collection of personal data to only the personal data required for legitimate purposes;<\/li>\n                <li>we first request your explicit consent to process your personal data in cases requiring your consent;<\/li>\n                <li>we take appropriate security measures to protect your personal data and also require this from parties that process personal data on our behalf;<\/li>\n                <li>we respect your right to access your personal data or have it corrected or deleted, at your request.<\/li>\n            <\/ul><p>If you have any questions, or want to know exactly what data we keep of you, please contact us.<\/p><\/p><h2>1. Purpose, data and retention period<\/h2>We may collect or receive personal information for a number of purposes connected with our business operations which may include the following: (click to expand)<details class=\"cmplz-dropdown dropdown-privacy-statement\"><summary><div><h3>1.1 Contact - Through phone, mail, email and\/or webforms<\/h3><\/div><\/summary><p class=\"cmplz-subtitle\">For this purpose we use the following data:<\/p><p><ul><li>A first and last name<\/li><li>An email address<\/li><li>A telephone number<\/li><li>IP Address<\/li><\/ul><\/p><p class=\"cmplz-subtitle\">The basis on which we may process these data is:<\/p><p><a target=\"_blank\" rel=\"noopener noreferrer nofollow\" href=\"https:\/\/cookiedatabase.org\/legal-bases\/#consent\">Upon the provision of consent.<\/a><\/p><p class=\"cmplz-subtitle\">Retention period<\/p><p>We retain this data until the service is terminated.<\/p><\/details><h2>2. Sharing with other parties<\/h2><p>We only share or disclose this data to processors for the following purposes:<\/p><p class=\"cmplz-subtitle\">Processors<\/p><p><b>Name:<\/b>&nbsp;Google reCAPTCHA<br \/>\n            <b>Country:<\/b>&nbsp;<br \/>\n            <b>Purpose:<\/b>&nbsp;Optimierung unserer Serviceleistung und Schutz vor Cyberangriffen<br \/>\n            <\/p><h2>3. Cookies<\/h2><p>Our website uses cookies. For more information about cookies, please refer to our <a href=\"https:\/\/atlas-tour.de\/ru\/cookie-richtlinie-eu\/\">Cookie Policy<\/a>.&nbsp;<\/p><h2>4. Disclosure practices<\/h2><p><p>We disclose personal information if we are required by law or by a court order, in response to a law enforcement agency, to the extent permitted under other provisions of law, to provide information, or for an investigation on a matter related to public safety.<\/p><p>If our website or organisation is taken over, sold, or involved in a merger or acquisition, your details may be disclosed to our advisers and any prospective purchasers and will be passed on to the new owners.<\/p><\/p><h2>5. Security<\/h2><p>We are committed to the security of personal data. We take appropriate security measures to limit abuse of and unauthorized access to personal data. This ensures that only the necessary persons have access to your data, that access to the data is protected, and that our security measures are regularly reviewed.<\/p><h2>6. Third-party websites<\/h2><p>This privacy statement does not apply to third-party websites connected by links on our website. We cannot guarantee that these third parties handle your personal data in a reliable or secure manner. We recommend you read the privacy statements of these websites prior to making use of these websites.<\/p><h2>7. Amendments to this privacy statement<\/h2><p>We reserve the right to make amendments to this privacy statement. It is recommended that you consult this privacy statement regularly in order to be aware of any changes. In addition, we will actively inform you wherever possible.<\/p><h2>8. Accessing and modifying your data<\/h2><p>If you have any questions or want to know which personal data we have about you, please contact us. You can contact us by using the information below. You have the following rights:<\/p><ul>\n                <li>You have the right to know why your personal data is needed, what will happen to it, and how long it will be retained for.<\/li>\n                <li>Right of access: You have the right to access your personal data that is known to us.<\/li>\n                <li>Right to rectification: you have the right to supplement, correct, have deleted or blocked your personal data whenever you wish.<\/li>\n                <li>If you give us your consent to process your data, you have the right to revoke that consent and to have your personal data deleted.<\/li>\n                <li>Right to transfer your data: you have the right to request all your personal data from the controller and transfer it in its entirety to another controller.<\/li>\n                <li>Right to object: you may object to the processing of your data. We comply with this, unless there are justified grounds for processing.<\/li>\n            <\/ul><p>Please make sure to always clearly state who you are, so that we can be certain that we do not modify or delete any data of the wrong person.<\/p><h2>9. Submitting a complaint<\/h2><p>If you are not satisfied with the way in which we handle (a complaint about) the processing of your personal data, you have the right to submit a complaint to the Data Protection Authority.<\/p><h2>10. Contact details<\/h2><p>Atlas-Tour &amp; Valeria-Reisen<br \/>\n        Johannesstr. 55,  99084 Erfurt<br \/>\n        Germany<br \/>\n        Website: <a href=\"https:\/\/atlas-tour.de\/ru\">https:\/\/atlas-tour.de\/ru<\/a> <br \/>\n        Email: <span class=\"cmplz-obfuscate\">&#105;&#110;fo@<span class=\"cmplz-fmail-domain\">ex&#046;c&#111;m<\/span>a&#116;&#108;&#097;&#115;-&#116;our&#046;&#100;e<\/span> <br \/>\n        Phone number: 0361 6532191<\/p><h2>Annex<\/h2><p><h3>Complianz | The Privacy Suite for WordPress<\/h3>\r\nDiese Website verwendet die Privacy Suite f\u00fcr WordPress von Complianz, um Datens\u00e4tze \u00fcber Einwilligungen zu sammeln.\u00a0F\u00fcr diese Funktionalit\u00e4t wird deine IP-Adresse anonymisiert und in unserer Datenbank gespeichert.\u00a0Weitere Informationen findest du in der Complianz <a href=\"https:\/\/complianz.io\/privacy-statement\/\" target=\"_blank\" rel=\"noopener\">Datenschutzerkl\u00e4rung<\/a>.\r\n<h2><strong>Google reCAPTCHA<\/strong><\/h2>\r\nWir nutzen auf unserer Website den Dienst reCAPTCHA von Google Inc. (\u201eGoogle\u201c). Dieser Dienst dient dazu, bestimmte Formulare auf unserer Website vor Missbrauch durch automatisierte Programme zu sch\u00fctzen. reCAPTCHA \u00fcberpr\u00fcft, ob die Eingaben des Nutzers menschlichen Ursprungs sind. Hierzu wird reCAPTCHA eine Analyse des Surfverhaltens des Nutzers durchgef\u00fchrt, indem verschiedene Informationen wie IP-Adresse, Browser-Typ und -Sprache, Bildschirmaufl\u00f6sung und Mausbewegungen des Nutzers erfasst werden. Diese Informationen werden an Google \u00fcbermittelt und dort ausgewertet. Die Nutzung von reCAPTCHA erfolgt im Interesse einer sicheren und spamfreien Nutzung unserer Website sowie zur Verhinderung von Missbrauch durch automatisierte Eingabeprogramme. Rechtsgrundlage f\u00fcr die Verarbeitung ist Art. 6 Abs. 1 lit. f DSGVO. Weitere Informationen zu den Datenschutzrichtlinien von Google finden Sie unter:\u00a0<a href=\"https:\/\/www.google.com\/policies\/privacy\/\">https:\/\/www.google.com\/policies\/privacy\/<\/a>\r\n<h2><strong>Cloudflare<\/strong><\/h2>\r\nWir nutzen das Content Delivery Network (CDN) von Cloudflare Germany GmbH, Rosental 7, c\/o Mindspace, 80331 M\u00fcnchen Deutschland (Cloudflare), um die Sicherheit und die Auslieferungsgeschwindigkeit unserer Website zu erh\u00f6hen. Dies entspricht unserem berechtigten Interesse (Art. 6 Abs. 1 lit. f DSGVO). Ein CDN ist ein Netzwerk aus [weltweit] verteilten Servern, das in der Lage ist, optimiert Inhalte an den Websitenutzer auszuliefern. F\u00fcr diesen Zweck k\u00f6nnen personenbezogene Daten in Server-Logfiles von Cloudflare verarbeitet werden. Bitte vergleichen Sie die Ausf\u00fchrungen unter \u201eHosting\u201c. Cloudflare ist Empf\u00e4nger Ihrer personenbezogenen Daten und als Auftragsverarbeiter f\u00fcr uns t\u00e4tig. Die entspricht unserem berechtigten Interesse im Sinne des Art. 6 Abs. 1 S. 1 lit. f DSGVO, selbst kein Content Delivery Network zu betreiben. Sie haben das Recht der Verarbeitung zu widersprechen. Ob der Widerspruch erfolgreich ist, ist im Rahmen einer Interessenabw\u00e4gung zu ermitteln. Die Verarbeitung der unter diesem Abschnitt angegebenen Daten ist weder gesetzlich noch vertraglich vorgeschrieben. Die Funktionsf\u00e4higkeit der Website ist ohne die Verarbeitung nicht gew\u00e4hrleistet. Ihre personenbezogenen Daten werden von Cloudflare so lange gespeichert, wie es f\u00fcr die beschriebenen Zwecke erforderlich ist. Weitere Informationen zu Widerspruchs- und Beseitigungsm\u00f6glichkeiten gegen\u00fcber Cloudflare finden Sie unter:\u00a0<a href=\"https:\/\/opr.vc\/docs\/cdn\/cloudflare\/https%3A%2F%2Fwww.cloudflare.com%2Fresources%2Fassets%2Fslt3lc6tev37%2F1M1j5uuFDuLTYiZJJDPBag%2F770322411bcac7f8bcc350e31b1e8319%2FCustomer_DPA_v.3_1_-_de-de_19_Oct_2020.pdf\">Cloudflare DPA<\/a>\u00a0Cloudflare hat Compliance-Ma\u00dfnahmen f\u00fcr internationale Daten\u00fcbermittlungen umgesetzt. Diese gelten f\u00fcr alle weltweiten Aktivit\u00e4ten, bei denen Cloudflare personenbezogene Daten von nat\u00fcrlichen Personen in der EU verarbeitet. Diese Ma\u00dfnahmen basieren auf den EU-Standardvertragsklauseln (SCCs). Weitere Informationen finden Sie unter:\u00a0<a href=\"https:\/\/www.cloudflare.com\/cloudflare_customer_SCCs-German.pdf\">https:\/\/www.cloudflare.com\/cloudflare_customer_SCCs-German.pdf<\/a>\r\n<h2>Google Maps<\/h2>\r\nAuf unserer Website nutzen wir den Dienst Google Maps der Google Inc. (1600 Amphitheatre Parkway, Mountain View, CA 94043, USA; \"Google\"). Durch die Einbindung von Google Maps k\u00f6nnen wir Ihnen interaktive Karten direkt auf unserer Website anzeigen und erm\u00f6glichen Ihnen die komfortable Nutzung der Karten-Funktionen.\r\nDurch den Besuch unserer Website erh\u00e4lt Google die Information, dass Sie die entsprechende Seite aufgerufen haben. Zudem werden weitere Daten wie Ihre IP-Adresse an Google \u00fcbermittelt. Dies erfolgt unabh\u00e4ngig davon, ob Sie ein Google-Konto besitzen oder \u00fcber dieses eingeloggt sind. Wenn Sie \u00fcber ein Google-Konto eingeloggt sind, werden Ihre Daten direkt Ihrem Konto zugeordnet.\r\nDie Nutzung von Google Maps erfolgt im Interesse einer ansprechenden Darstellung unserer Online-Angebote und einer leichteren Auffindbarkeit der von uns auf der Website angegebenen Orte. Dies stellt ein berechtigtes Interesse im Sinne von Art. 6 Abs. 1 lit. f DSGVO dar.\r\nWeitere Informationen zum Umgang mit Nutzerdaten finden Sie in der Datenschutzerkl\u00e4rung von Google unter: https:\/\/www.google.de\/intl\/de\/policies\/privacy\/\r\n\r\n&nbsp;\r\n<h2>qTranslate-XT<\/h2>\r\nZur Erstellung von mehrsprachigen Inhalten nutzen wir das Plugin qTranslate-XT. Hierbei werden Daten wie Ihre IP-Adresse, der von Ihnen verwendete Browser, das verwendete Betriebssystem sowie die Spracheinstellungen erfasst und auf unserem Server gespeichert. Diese Daten dienen der Optimierung unserer Website f\u00fcr verschiedene Sprachen.\r\nDie Nutzung von qTranslate-XT erfolgt auf Basis unseres berechtigten Interesses an der Erstellung von mehrsprachigen Inhalten im Sinne von Art. 6 Abs. 1 lit. f DSGVO.\r\nWeitere Informationen zum Umgang mit Nutzerdaten finden Sie in der Datenschutzerkl\u00e4rung von qTranslate-XT unter: https:\/\/qtranslatexteam.wordpress.com\/privacy-policy\/.\r\n\r\nDATENSCHUTZERKL\u00c4RUNG F\u00dcR DIE NUTZUNG VON GOOGLE ANALYTICS\r\nDiese Website benutzt Google Analytics, einen Webanalysedienst der Google Inc. (\u00abGoogle\u00bb). Google Analytics verwendet sog. \u00abCookies\u00bb, Textdateien, die auf Ihrem Computer gespeichert werden und die eine Analyse der Benutzung der Website durch Sie erm\u00f6glichen. Die durch den Cookie erzeugten Informationen \u00fcber Ihre Benutzung dieser Website werden in der Regel an einen Server von Google in den USA \u00fcbertragen und dort gespeichert. Im Falle der Aktivierung der IP-Anonymisierung auf dieser Webseite wird Ihre IP-Adresse von Google jedoch innerhalb von Mitgliedstaaten der Europ\u00e4ischen Union oder in anderen Vertragsstaaten des Abkommens \u00fcber den Europ\u00e4ischen Wirtschaftsraum zuvor gek\u00fcrzt.\r\n\r\nNur in Ausnahmef\u00e4llen wird die volle IP-Adresse an einen Server von Google in den USA \u00fcbertragen und dort gek\u00fcrzt. Im Auftrag des Betreibers dieser Website wird Google diese Informationen benutzen, um Ihre Nutzung der Website auszuwerten, um Reports \u00fcber die Websiteaktivit\u00e4ten zusammenzustellen und um weitere mit der Websitenutzung und der Internetnutzung verbundene Dienstleistungen gegen\u00fcber dem Websitebetreiber zu erbringen. Die im Rahmen von Google Analytics von Ihrem Browser \u00fcbermittelte IP-Adresse wird nicht mit anderen Daten von Google zusammengef\u00fchrt.\r\n\r\nSie k\u00f6nnen die Speicherung der Cookies durch eine entsprechende Einstellung Ihrer Browser-Software verhindern; wir weisen Sie jedoch darauf hin, dass Sie in diesem Fall gegebenenfalls nicht s\u00e4mtliche Funktionen dieser Website vollumf\u00e4nglich werden nutzen k\u00f6nnen. Sie k\u00f6nnen dar\u00fcber hinaus die Erfassung der durch das Cookie erzeugten und auf Ihre Nutzung der Website bezogenen Daten (inkl. Ihrer IP-Adresse) an Google sowie die Verarbeitung dieser Daten durch Google verhindern, indem sie das unter dem folgenden Link verf\u00fcgbare Browser-Plugin herunterladen und installieren: http:\/\/tools.google.com\/dlpage\/gaoptout?hl=de.\r\n\r\nQuellenangaben: <a href=\"http:\/\/www.e-recht24.de\/muster-datenschutzerklaerung.htm\">Datenschutzerkl\u00e4rung eRecht24<\/a>, <a href=\"http:\/\/www.google.com\/intl\/de\/analytics\/privacyoverview.html\">Datenschutzerkl\u00e4rung f\u00fcr Google Analytics<\/a><\/p><\/div>\n","protected":false},"excerpt":{"rendered":"","protected":false},"author":1,"featured_media":0,"parent":0,"menu_order":0,"comment_status":"closed","ping_status":"closed","template":"","meta":{"_acf_changed":false,"footnotes":""},"class_list":["post-923","page","type-page","status-publish","hentry"],"acf":[],"_links":{"self":[{"href":"https:\/\/atlas-tour.de\/ru\/wp-json\/wp\/v2\/pages\/923","targetHints":{"allow":["GET"]}}],"collection":[{"href":"https:\/\/atlas-tour.de\/ru\/wp-json\/wp\/v2\/pages"}],"about":[{"href":"https:\/\/atlas-tour.de\/ru\/wp-json\/wp\/v2\/types\/page"}],"author":[{"embeddable":true,"href":"https:\/\/atlas-tour.de\/ru\/wp-json\/wp\/v2\/users\/1"}],"replies":[{"embeddable":true,"href":"https:\/\/atlas-tour.de\/ru\/wp-json\/wp\/v2\/comments?post=923"}],"version-history":[{"count":1,"href":"https:\/\/atlas-tour.de\/ru\/wp-json\/wp\/v2\/pages\/923\/revisions"}],"predecessor-version":[{"id":1078,"href":"https:\/\/atlas-tour.de\/ru\/wp-json\/wp\/v2\/pages\/923\/revisions\/1078"}],"wp:attachment":[{"href":"https:\/\/atlas-tour.de\/ru\/wp-json\/wp\/v2\/media?parent=923"}],"curies":[{"name":"wp","href":"https:\/\/api.w.org\/{rel}","templated":true}]}}